{"id":3621,"date":"2024-04-21T23:39:48","date_gmt":"2024-04-21T21:39:48","guid":{"rendered":"https:\/\/laurebaruch.com\/?page_id=3621"},"modified":"2024-04-22T15:43:51","modified_gmt":"2024-04-22T13:43:51","slug":"mentions-legales","status":"publish","type":"page","link":"https:\/\/laurebaruch.com\/en\/mentions-legales\/","title":{"rendered":"LEGAL NOTICES"},"content":{"rendered":"<div data-elementor-type=\"wp-page\" data-elementor-id=\"3621\" class=\"elementor elementor-3621\" data-elementor-post-type=\"page\">\n\t\t\t\t<div class=\"elementor-element elementor-element-1da75c8 e-flex e-con-boxed e-con e-parent\" data-id=\"1da75c8\" data-element_type=\"container\" data-e-type=\"container\" data-settings=\"{&quot;background_background&quot;:&quot;classic&quot;}\">\n\t\t\t\t\t<div class=\"e-con-inner\">\n\t\t\t\t<div class=\"elementor-element elementor-element-e3a8b2a elementor-widget elementor-widget-text-editor\" data-id=\"e3a8b2a\" data-element_type=\"widget\" data-e-type=\"widget\" data-widget_type=\"text-editor.default\">\n\t\t\t\t<div class=\"elementor-widget-container\">\n\t\t\t\t\t\t\t\t\t<p><strong>LEGAL NOTICES<\/strong><\/p><p><strong>\u00c9diteur du site :<\/strong><\/p><p>Nom de l\u2019entreprise : Laure Baruch &#8211; Forme juridique : auto entrepreneur Adresse : 137 grande rue 92310 S\u00e8vres &#8211;\u00a0 T\u00e9l\u00e9phone : 0611481777 E-mail : contact@laurebaruch.com &#8211; SIRET : 51201597500018 &#8211; Directeur de la publication : Laure Baruch &#8211; H\u00e9bergeur du site : Hostinger &#8211; Adresse : Nwms Center, 31 Southampton Row, Bureau 3.11, 3\u00e8me \u00e9tage, London, England, WC1B 5HJ;<\/p><p><strong>Propri\u00e9t\u00e9 intellectuelle :<\/strong><\/p><p>Ce site et son contenu sont la propri\u00e9t\u00e9 exclusive de Laure Baruch et sont prot\u00e9g\u00e9s par les lois fran\u00e7aises et internationales sur le droit d\u2019auteur et la propri\u00e9t\u00e9 intellectuelle. Toute reproduction, repr\u00e9sentation, diffusion ou exploitation de tout ou partie de ce site, sous quelque forme que ce soit, sans l\u2019autorisation pr\u00e9alable \u00e9crite de Laure Baruch, est strictement interdite et constituerait une contrefa\u00e7on sanctionn\u00e9e par les articles L. 335-2 et suivants du Code de la propri\u00e9t\u00e9 intellectuelle.<\/p><p><strong>Cookies :<\/strong><\/p><p>Ce site utilise des cookies. Pour en savoir plus sur l\u2019utilisation des cookies sur ce site et sur la mani\u00e8re de les g\u00e9rer, veuillez consulter notre politique en mati\u00e8re de cookies.<\/p><p><strong>Litiges :<\/strong><\/p><p>En cas de litige concernant l\u2019utilisation de ce site, la loi fran\u00e7aise est applicable et les tribunaux fran\u00e7ais sont comp\u00e9tents.<\/p>\t\t\t\t\t\t\t\t<\/div>\n\t\t\t\t<\/div>\n\t\t\t\t\t<\/div>\n\t\t\t\t<\/div>\n\t\t\t\t<\/div>","protected":false},"excerpt":{"rendered":"<p>MENTIONS L\u00c9GALES \u00c9diteur du site : Nom de l\u2019entreprise : Laure Baruch &#8211; Forme juridique : auto entrepreneur Adresse : 137 grande rue 92310 S\u00e8vres &#8211;\u00a0 T\u00e9l\u00e9phone : 0611481777 E-mail : contact@laurebaruch.com &#8211; SIRET : 51201597500018 &#8211; Directeur de la publication : Laure Baruch &#8211; H\u00e9bergeur du site : Hostinger &#8211; Adresse : Nwms Center, [&hellip;]<\/p>\n","protected":false},"author":1,"featured_media":0,"parent":0,"menu_order":0,"comment_status":"closed","ping_status":"closed","template":"","meta":{"footnotes":""},"class_list":["post-3621","page","type-page","status-publish","hentry"],"yoast_head":"<!-- This site is optimized with the Yoast SEO plugin v27.4 - https:\/\/yoast.com\/product\/yoast-seo-wordpress\/ -->\n<title>MENTIONS L\u00c9GALES - Laure Baruch | Make-up Artist et Hair Stylist<\/title>\n<meta name=\"robots\" content=\"index, follow, max-snippet:-1, max-image-preview:large, max-video-preview:-1\" \/>\n<link rel=\"canonical\" href=\"https:\/\/laurebaruch.com\/en\/mentions-legales\/\" \/>\n<meta property=\"og:locale\" content=\"en_GB\" \/>\n<meta property=\"og:type\" content=\"article\" \/>\n<meta property=\"og:title\" content=\"MENTIONS L\u00c9GALES - Laure Baruch | Make-up Artist et Hair Stylist\" \/>\n<meta property=\"og:description\" content=\"MENTIONS L\u00c9GALES \u00c9diteur du site : Nom de l\u2019entreprise : Laure Baruch &#8211; Forme juridique : auto entrepreneur Adresse : 137 grande rue 92310 S\u00e8vres &#8211;\u00a0 T\u00e9l\u00e9phone : 0611481777 E-mail : contact@laurebaruch.com &#8211; SIRET : 51201597500018 &#8211; Directeur de la publication : Laure Baruch &#8211; H\u00e9bergeur du site : Hostinger &#8211; Adresse : Nwms Center, [&hellip;]\" \/>\n<meta property=\"og:url\" content=\"https:\/\/laurebaruch.com\/en\/mentions-legales\/\" \/>\n<meta property=\"og:site_name\" content=\"Laure Baruch | Make-up Artist et Hair Stylist\" \/>\n<meta property=\"article:modified_time\" content=\"2024-04-22T13:43:51+00:00\" \/>\n<meta name=\"twitter:card\" content=\"summary_large_image\" \/>\n<meta name=\"twitter:label1\" content=\"Estimated reading time\" \/>\n\t<meta name=\"twitter:data1\" content=\"1 minute\" \/>\n<script type=\"application\/ld+json\" class=\"yoast-schema-graph\">{\"@context\":\"https:\\\/\\\/schema.org\",\"@graph\":[{\"@type\":\"WebPage\",\"@id\":\"https:\\\/\\\/laurebaruch.com\\\/mentions-legales\\\/\",\"url\":\"https:\\\/\\\/laurebaruch.com\\\/mentions-legales\\\/\",\"name\":\"MENTIONS L\u00c9GALES - Laure Baruch | Make-up Artist et Hair Stylist\",\"isPartOf\":{\"@id\":\"https:\\\/\\\/laurebaruch.com\\\/#website\"},\"datePublished\":\"2024-04-21T21:39:48+00:00\",\"dateModified\":\"2024-04-22T13:43:51+00:00\",\"breadcrumb\":{\"@id\":\"https:\\\/\\\/laurebaruch.com\\\/mentions-legales\\\/#breadcrumb\"},\"inLanguage\":\"en-GB\",\"potentialAction\":[{\"@type\":\"ReadAction\",\"target\":[\"https:\\\/\\\/laurebaruch.com\\\/mentions-legales\\\/\"]}]},{\"@type\":\"BreadcrumbList\",\"@id\":\"https:\\\/\\\/laurebaruch.com\\\/mentions-legales\\\/#breadcrumb\",\"itemListElement\":[{\"@type\":\"ListItem\",\"position\":1,\"name\":\"Accueil - LAURE BARUCH\",\"item\":\"https:\\\/\\\/laurebaruch.com\\\/\"},{\"@type\":\"ListItem\",\"position\":2,\"name\":\"MENTIONS L\u00c9GALES\"}]},{\"@type\":\"WebSite\",\"@id\":\"https:\\\/\\\/laurebaruch.com\\\/#website\",\"url\":\"https:\\\/\\\/laurebaruch.com\\\/\",\"name\":\"Laure Baruch | Make-up Artist & Hair Stylist\",\"description\":\"\",\"publisher\":{\"@id\":\"https:\\\/\\\/laurebaruch.com\\\/#\\\/schema\\\/person\\\/030c038a7b56916b79130a9e5dd2f6e9\"},\"potentialAction\":[{\"@type\":\"SearchAction\",\"target\":{\"@type\":\"EntryPoint\",\"urlTemplate\":\"https:\\\/\\\/laurebaruch.com\\\/?s={search_term_string}\"},\"query-input\":{\"@type\":\"PropertyValueSpecification\",\"valueRequired\":true,\"valueName\":\"search_term_string\"}}],\"inLanguage\":\"en-GB\"},{\"@type\":[\"Person\",\"Organization\"],\"@id\":\"https:\\\/\\\/laurebaruch.com\\\/#\\\/schema\\\/person\\\/030c038a7b56916b79130a9e5dd2f6e9\",\"name\":\"Laure Baruch\",\"image\":{\"@type\":\"ImageObject\",\"inLanguage\":\"en-GB\",\"@id\":\"https:\\\/\\\/laurebaruch.com\\\/wp-content\\\/uploads\\\/2024\\\/04\\\/Sans-titre-5.png\",\"url\":\"https:\\\/\\\/laurebaruch.com\\\/wp-content\\\/uploads\\\/2024\\\/04\\\/Sans-titre-5.png\",\"contentUrl\":\"https:\\\/\\\/laurebaruch.com\\\/wp-content\\\/uploads\\\/2024\\\/04\\\/Sans-titre-5.png\",\"width\":2696,\"height\":2483,\"caption\":\"Laure Baruch\"},\"logo\":{\"@id\":\"https:\\\/\\\/laurebaruch.com\\\/wp-content\\\/uploads\\\/2024\\\/04\\\/Sans-titre-5.png\"},\"sameAs\":[\"http:\\\/\\\/laurebaruch.com\"]}]}<\/script>\n<!-- \/ Yoast SEO plugin. -->","yoast_head_json":{"title":"MENTIONS L\u00c9GALES - Laure Baruch | Make-up Artist et Hair Stylist","robots":{"index":"index","follow":"follow","max-snippet":"max-snippet:-1","max-image-preview":"max-image-preview:large","max-video-preview":"max-video-preview:-1"},"canonical":"https:\/\/laurebaruch.com\/en\/mentions-legales\/","og_locale":"en_GB","og_type":"article","og_title":"MENTIONS L\u00c9GALES - Laure Baruch | Make-up Artist et Hair Stylist","og_description":"MENTIONS L\u00c9GALES \u00c9diteur du site : Nom de l\u2019entreprise : Laure Baruch &#8211; Forme juridique : auto entrepreneur Adresse : 137 grande rue 92310 S\u00e8vres &#8211;\u00a0 T\u00e9l\u00e9phone : 0611481777 E-mail : contact@laurebaruch.com &#8211; SIRET : 51201597500018 &#8211; Directeur de la publication : Laure Baruch &#8211; H\u00e9bergeur du site : Hostinger &#8211; Adresse : Nwms Center, [&hellip;]","og_url":"https:\/\/laurebaruch.com\/en\/mentions-legales\/","og_site_name":"Laure Baruch | Make-up Artist et Hair Stylist","article_modified_time":"2024-04-22T13:43:51+00:00","twitter_card":"summary_large_image","twitter_misc":{"Estimated reading time":"1 minute"},"schema":{"@context":"https:\/\/schema.org","@graph":[{"@type":"WebPage","@id":"https:\/\/laurebaruch.com\/mentions-legales\/","url":"https:\/\/laurebaruch.com\/mentions-legales\/","name":"MENTIONS L\u00c9GALES - Laure Baruch | Make-up Artist et Hair Stylist","isPartOf":{"@id":"https:\/\/laurebaruch.com\/#website"},"datePublished":"2024-04-21T21:39:48+00:00","dateModified":"2024-04-22T13:43:51+00:00","breadcrumb":{"@id":"https:\/\/laurebaruch.com\/mentions-legales\/#breadcrumb"},"inLanguage":"en-GB","potentialAction":[{"@type":"ReadAction","target":["https:\/\/laurebaruch.com\/mentions-legales\/"]}]},{"@type":"BreadcrumbList","@id":"https:\/\/laurebaruch.com\/mentions-legales\/#breadcrumb","itemListElement":[{"@type":"ListItem","position":1,"name":"Accueil - LAURE BARUCH","item":"https:\/\/laurebaruch.com\/"},{"@type":"ListItem","position":2,"name":"MENTIONS L\u00c9GALES"}]},{"@type":"WebSite","@id":"https:\/\/laurebaruch.com\/#website","url":"https:\/\/laurebaruch.com\/","name":"Laure Baruch | Make-up Artist &amp; Hair Stylist","description":"","publisher":{"@id":"https:\/\/laurebaruch.com\/#\/schema\/person\/030c038a7b56916b79130a9e5dd2f6e9"},"potentialAction":[{"@type":"SearchAction","target":{"@type":"EntryPoint","urlTemplate":"https:\/\/laurebaruch.com\/?s={search_term_string}"},"query-input":{"@type":"PropertyValueSpecification","valueRequired":true,"valueName":"search_term_string"}}],"inLanguage":"en-GB"},{"@type":["Person","Organization"],"@id":"https:\/\/laurebaruch.com\/#\/schema\/person\/030c038a7b56916b79130a9e5dd2f6e9","name":"Laure Baruch","image":{"@type":"ImageObject","inLanguage":"en-GB","@id":"https:\/\/laurebaruch.com\/wp-content\/uploads\/2024\/04\/Sans-titre-5.png","url":"https:\/\/laurebaruch.com\/wp-content\/uploads\/2024\/04\/Sans-titre-5.png","contentUrl":"https:\/\/laurebaruch.com\/wp-content\/uploads\/2024\/04\/Sans-titre-5.png","width":2696,"height":2483,"caption":"Laure Baruch"},"logo":{"@id":"https:\/\/laurebaruch.com\/wp-content\/uploads\/2024\/04\/Sans-titre-5.png"},"sameAs":["http:\/\/laurebaruch.com"]}]}},"_links":{"self":[{"href":"https:\/\/laurebaruch.com\/en\/wp-json\/wp\/v2\/pages\/3621","targetHints":{"allow":["GET"]}}],"collection":[{"href":"https:\/\/laurebaruch.com\/en\/wp-json\/wp\/v2\/pages"}],"about":[{"href":"https:\/\/laurebaruch.com\/en\/wp-json\/wp\/v2\/types\/page"}],"author":[{"embeddable":true,"href":"https:\/\/laurebaruch.com\/en\/wp-json\/wp\/v2\/users\/1"}],"replies":[{"embeddable":true,"href":"https:\/\/laurebaruch.com\/en\/wp-json\/wp\/v2\/comments?post=3621"}],"version-history":[{"count":16,"href":"https:\/\/laurebaruch.com\/en\/wp-json\/wp\/v2\/pages\/3621\/revisions"}],"predecessor-version":[{"id":3720,"href":"https:\/\/laurebaruch.com\/en\/wp-json\/wp\/v2\/pages\/3621\/revisions\/3720"}],"wp:attachment":[{"href":"https:\/\/laurebaruch.com\/en\/wp-json\/wp\/v2\/media?parent=3621"}],"curies":[{"name":"wp","href":"https:\/\/api.w.org\/{rel}","templated":true}]}}