{"id":3641,"date":"2024-04-21T23:53:07","date_gmt":"2024-04-21T21:53:07","guid":{"rendered":"https:\/\/laurebaruch.com\/?page_id=3641"},"modified":"2024-04-21T23:55:40","modified_gmt":"2024-04-21T21:55:40","slug":"credit-photo","status":"publish","type":"page","link":"https:\/\/laurebaruch.com\/en\/credit-photo\/","title":{"rendered":"PHOTO CREDIT"},"content":{"rendered":"<div data-elementor-type=\"wp-page\" data-elementor-id=\"3641\" class=\"elementor elementor-3641\" data-elementor-post-type=\"page\">\n\t\t\t\t<div class=\"elementor-element elementor-element-59356a7 e-flex e-con-boxed e-con e-parent\" data-id=\"59356a7\" data-element_type=\"container\" data-e-type=\"container\">\n\t\t\t\t\t<div class=\"e-con-inner\">\n\t\t\t\t<div class=\"elementor-element elementor-element-f39d371 elementor-widget elementor-widget-heading\" data-id=\"f39d371\" data-element_type=\"widget\" data-e-type=\"widget\" data-widget_type=\"heading.default\">\n\t\t\t\t<div class=\"elementor-widget-container\">\n\t\t\t\t\t<h2 class=\"elementor-heading-title elementor-size-default\">CR\u00c9DITS PHOTO &amp; VID\u00c9O<\/h2>\t\t\t\t<\/div>\n\t\t\t\t<\/div>\n\t\t\t\t\t<\/div>\n\t\t\t\t<\/div>\n\t\t<div class=\"elementor-element elementor-element-a2e8ebc e-flex e-con-boxed e-con e-parent\" data-id=\"a2e8ebc\" data-element_type=\"container\" data-e-type=\"container\">\n\t\t\t\t\t<div class=\"e-con-inner\">\n\t\t\t\t<div class=\"elementor-element elementor-element-0cf4b63 elementor-widget elementor-widget-text-editor\" data-id=\"0cf4b63\" data-element_type=\"widget\" data-e-type=\"widget\" data-widget_type=\"text-editor.default\">\n\t\t\t\t<div class=\"elementor-widget-container\">\n\t\t\t\t\t\t\t\t\t<div>Lina Raziq<\/div><div>Marion Jendrzejak<\/div><div>Pascal vo<\/div><div>Aude deLucas<\/div><div>Kim Garell<\/div><div>Nicolas Launay<\/div><div>Carole Mai<\/div><div>Next Door Stories<\/div><div>Franz la douce<\/div><div>Marie Dubrulle<\/div><div>Christophe Serrano<\/div><div>Mr Mrs Santamaria photographie<\/div><div>Matt Kobi<\/div><div>Nassima B photographe<\/div><div>Marion Capture<\/div><div>Samantha Pastoor<\/div><div>Ange provost<\/div><div>G\u00e9raldine Leblanc<\/div><div>Through the Glass Paris<\/div><div>Fxr Stories<\/div><div>Felicia Sisco<\/div><div>Angela Di Paolo<\/div><div>Karim Kheyar photographer<\/div><div>Quentin Blanc<\/div><div>Les mariages de Julia<\/div><div>Joanna Bhm<\/div><div>The guerin film<\/div>\t\t\t\t\t\t\t\t<\/div>\n\t\t\t\t<\/div>\n\t\t\t\t\t<\/div>\n\t\t\t\t<\/div>\n\t\t\t\t<\/div>","protected":false},"excerpt":{"rendered":"<p>CR\u00c9DITS PHOTO &#038; VID\u00c9O Lina RaziqMarion JendrzejakPascal voAude deLucasKim GarellNicolas LaunayCarole MaiNext Door StoriesFranz la douceMarie DubrulleChristophe SerranoMr Mrs Santamaria photographieMatt KobiNassima B photographeMarion CaptureSamantha PastoorAnge provostG\u00e9raldine LeblancThrough the Glass ParisFxr StoriesFelicia SiscoAngela Di PaoloKarim Kheyar photographerQuentin BlancLes mariages de JuliaJoanna BhmThe guerin film<\/p>","protected":false},"author":1,"featured_media":0,"parent":0,"menu_order":0,"comment_status":"closed","ping_status":"closed","template":"","meta":{"footnotes":""},"class_list":["post-3641","page","type-page","status-publish","hentry"],"yoast_head":"<!-- This site is optimized with the Yoast SEO plugin v27.4 - https:\/\/yoast.com\/product\/yoast-seo-wordpress\/ -->\n<title>CR\u00c9DIT PHOTO - Laure Baruch | Make-up Artist et Hair Stylist<\/title>\n<meta name=\"robots\" content=\"index, follow, max-snippet:-1, max-image-preview:large, max-video-preview:-1\" \/>\n<link rel=\"canonical\" href=\"https:\/\/laurebaruch.com\/en\/credit-photo\/\" \/>\n<meta property=\"og:locale\" content=\"en_GB\" \/>\n<meta property=\"og:type\" content=\"article\" \/>\n<meta property=\"og:title\" content=\"CR\u00c9DIT PHOTO - Laure Baruch | Make-up Artist et Hair Stylist\" \/>\n<meta property=\"og:description\" content=\"CR\u00c9DITS PHOTO &#038; VID\u00c9O Lina RaziqMarion JendrzejakPascal voAude deLucasKim GarellNicolas LaunayCarole MaiNext Door StoriesFranz la douceMarie DubrulleChristophe SerranoMr Mrs Santamaria photographieMatt KobiNassima B photographeMarion CaptureSamantha PastoorAnge provostG\u00e9raldine LeblancThrough the Glass ParisFxr StoriesFelicia SiscoAngela Di PaoloKarim Kheyar photographerQuentin BlancLes mariages de JuliaJoanna BhmThe guerin film\" \/>\n<meta property=\"og:url\" content=\"https:\/\/laurebaruch.com\/en\/credit-photo\/\" \/>\n<meta property=\"og:site_name\" content=\"Laure Baruch | Make-up Artist et Hair Stylist\" \/>\n<meta property=\"article:modified_time\" content=\"2024-04-21T21:55:40+00:00\" \/>\n<meta name=\"twitter:card\" content=\"summary_large_image\" \/>\n<script type=\"application\/ld+json\" class=\"yoast-schema-graph\">{\"@context\":\"https:\\\/\\\/schema.org\",\"@graph\":[{\"@type\":\"WebPage\",\"@id\":\"https:\\\/\\\/laurebaruch.com\\\/credit-photo\\\/\",\"url\":\"https:\\\/\\\/laurebaruch.com\\\/credit-photo\\\/\",\"name\":\"CR\u00c9DIT PHOTO - Laure Baruch | Make-up Artist et Hair Stylist\",\"isPartOf\":{\"@id\":\"https:\\\/\\\/laurebaruch.com\\\/#website\"},\"datePublished\":\"2024-04-21T21:53:07+00:00\",\"dateModified\":\"2024-04-21T21:55:40+00:00\",\"breadcrumb\":{\"@id\":\"https:\\\/\\\/laurebaruch.com\\\/credit-photo\\\/#breadcrumb\"},\"inLanguage\":\"en-GB\",\"potentialAction\":[{\"@type\":\"ReadAction\",\"target\":[\"https:\\\/\\\/laurebaruch.com\\\/credit-photo\\\/\"]}]},{\"@type\":\"BreadcrumbList\",\"@id\":\"https:\\\/\\\/laurebaruch.com\\\/credit-photo\\\/#breadcrumb\",\"itemListElement\":[{\"@type\":\"ListItem\",\"position\":1,\"name\":\"Accueil - LAURE BARUCH\",\"item\":\"https:\\\/\\\/laurebaruch.com\\\/\"},{\"@type\":\"ListItem\",\"position\":2,\"name\":\"CR\u00c9DIT PHOTO\"}]},{\"@type\":\"WebSite\",\"@id\":\"https:\\\/\\\/laurebaruch.com\\\/#website\",\"url\":\"https:\\\/\\\/laurebaruch.com\\\/\",\"name\":\"Laure Baruch | Make-up Artist & Hair Stylist\",\"description\":\"\",\"publisher\":{\"@id\":\"https:\\\/\\\/laurebaruch.com\\\/#\\\/schema\\\/person\\\/030c038a7b56916b79130a9e5dd2f6e9\"},\"potentialAction\":[{\"@type\":\"SearchAction\",\"target\":{\"@type\":\"EntryPoint\",\"urlTemplate\":\"https:\\\/\\\/laurebaruch.com\\\/?s={search_term_string}\"},\"query-input\":{\"@type\":\"PropertyValueSpecification\",\"valueRequired\":true,\"valueName\":\"search_term_string\"}}],\"inLanguage\":\"en-GB\"},{\"@type\":[\"Person\",\"Organization\"],\"@id\":\"https:\\\/\\\/laurebaruch.com\\\/#\\\/schema\\\/person\\\/030c038a7b56916b79130a9e5dd2f6e9\",\"name\":\"Laure Baruch\",\"image\":{\"@type\":\"ImageObject\",\"inLanguage\":\"en-GB\",\"@id\":\"https:\\\/\\\/laurebaruch.com\\\/wp-content\\\/uploads\\\/2024\\\/04\\\/Sans-titre-5.png\",\"url\":\"https:\\\/\\\/laurebaruch.com\\\/wp-content\\\/uploads\\\/2024\\\/04\\\/Sans-titre-5.png\",\"contentUrl\":\"https:\\\/\\\/laurebaruch.com\\\/wp-content\\\/uploads\\\/2024\\\/04\\\/Sans-titre-5.png\",\"width\":2696,\"height\":2483,\"caption\":\"Laure Baruch\"},\"logo\":{\"@id\":\"https:\\\/\\\/laurebaruch.com\\\/wp-content\\\/uploads\\\/2024\\\/04\\\/Sans-titre-5.png\"},\"sameAs\":[\"http:\\\/\\\/laurebaruch.com\"]}]}<\/script>\n<!-- \/ Yoast SEO plugin. -->","yoast_head_json":{"title":"CR\u00c9DIT PHOTO - Laure Baruch | Make-up Artist et Hair Stylist","robots":{"index":"index","follow":"follow","max-snippet":"max-snippet:-1","max-image-preview":"max-image-preview:large","max-video-preview":"max-video-preview:-1"},"canonical":"https:\/\/laurebaruch.com\/en\/credit-photo\/","og_locale":"en_GB","og_type":"article","og_title":"CR\u00c9DIT PHOTO - Laure Baruch | Make-up Artist et Hair Stylist","og_description":"CR\u00c9DITS PHOTO &#038; VID\u00c9O Lina RaziqMarion JendrzejakPascal voAude deLucasKim GarellNicolas LaunayCarole MaiNext Door StoriesFranz la douceMarie DubrulleChristophe SerranoMr Mrs Santamaria photographieMatt KobiNassima B photographeMarion CaptureSamantha PastoorAnge provostG\u00e9raldine LeblancThrough the Glass ParisFxr StoriesFelicia SiscoAngela Di PaoloKarim Kheyar photographerQuentin BlancLes mariages de JuliaJoanna BhmThe guerin film","og_url":"https:\/\/laurebaruch.com\/en\/credit-photo\/","og_site_name":"Laure Baruch | Make-up Artist et Hair Stylist","article_modified_time":"2024-04-21T21:55:40+00:00","twitter_card":"summary_large_image","schema":{"@context":"https:\/\/schema.org","@graph":[{"@type":"WebPage","@id":"https:\/\/laurebaruch.com\/credit-photo\/","url":"https:\/\/laurebaruch.com\/credit-photo\/","name":"CR\u00c9DIT PHOTO - Laure Baruch | Make-up Artist et Hair Stylist","isPartOf":{"@id":"https:\/\/laurebaruch.com\/#website"},"datePublished":"2024-04-21T21:53:07+00:00","dateModified":"2024-04-21T21:55:40+00:00","breadcrumb":{"@id":"https:\/\/laurebaruch.com\/credit-photo\/#breadcrumb"},"inLanguage":"en-GB","potentialAction":[{"@type":"ReadAction","target":["https:\/\/laurebaruch.com\/credit-photo\/"]}]},{"@type":"BreadcrumbList","@id":"https:\/\/laurebaruch.com\/credit-photo\/#breadcrumb","itemListElement":[{"@type":"ListItem","position":1,"name":"Accueil - LAURE BARUCH","item":"https:\/\/laurebaruch.com\/"},{"@type":"ListItem","position":2,"name":"CR\u00c9DIT PHOTO"}]},{"@type":"WebSite","@id":"https:\/\/laurebaruch.com\/#website","url":"https:\/\/laurebaruch.com\/","name":"Laure Baruch | Make-up Artist &amp; Hair Stylist","description":"","publisher":{"@id":"https:\/\/laurebaruch.com\/#\/schema\/person\/030c038a7b56916b79130a9e5dd2f6e9"},"potentialAction":[{"@type":"SearchAction","target":{"@type":"EntryPoint","urlTemplate":"https:\/\/laurebaruch.com\/?s={search_term_string}"},"query-input":{"@type":"PropertyValueSpecification","valueRequired":true,"valueName":"search_term_string"}}],"inLanguage":"en-GB"},{"@type":["Person","Organization"],"@id":"https:\/\/laurebaruch.com\/#\/schema\/person\/030c038a7b56916b79130a9e5dd2f6e9","name":"Laure Baruch","image":{"@type":"ImageObject","inLanguage":"en-GB","@id":"https:\/\/laurebaruch.com\/wp-content\/uploads\/2024\/04\/Sans-titre-5.png","url":"https:\/\/laurebaruch.com\/wp-content\/uploads\/2024\/04\/Sans-titre-5.png","contentUrl":"https:\/\/laurebaruch.com\/wp-content\/uploads\/2024\/04\/Sans-titre-5.png","width":2696,"height":2483,"caption":"Laure Baruch"},"logo":{"@id":"https:\/\/laurebaruch.com\/wp-content\/uploads\/2024\/04\/Sans-titre-5.png"},"sameAs":["http:\/\/laurebaruch.com"]}]}},"_links":{"self":[{"href":"https:\/\/laurebaruch.com\/en\/wp-json\/wp\/v2\/pages\/3641","targetHints":{"allow":["GET"]}}],"collection":[{"href":"https:\/\/laurebaruch.com\/en\/wp-json\/wp\/v2\/pages"}],"about":[{"href":"https:\/\/laurebaruch.com\/en\/wp-json\/wp\/v2\/types\/page"}],"author":[{"embeddable":true,"href":"https:\/\/laurebaruch.com\/en\/wp-json\/wp\/v2\/users\/1"}],"replies":[{"embeddable":true,"href":"https:\/\/laurebaruch.com\/en\/wp-json\/wp\/v2\/comments?post=3641"}],"version-history":[{"count":7,"href":"https:\/\/laurebaruch.com\/en\/wp-json\/wp\/v2\/pages\/3641\/revisions"}],"predecessor-version":[{"id":3651,"href":"https:\/\/laurebaruch.com\/en\/wp-json\/wp\/v2\/pages\/3641\/revisions\/3651"}],"wp:attachment":[{"href":"https:\/\/laurebaruch.com\/en\/wp-json\/wp\/v2\/media?parent=3641"}],"curies":[{"name":"wp","href":"https:\/\/api.w.org\/{rel}","templated":true}]}}